{"id":30,"date":"2015-04-06T17:42:10","date_gmt":"2015-04-06T15:42:10","guid":{"rendered":"http:\/\/www.michael-lorio.de\/?page_id=30"},"modified":"2024-07-17T10:53:15","modified_gmt":"2024-07-17T08:53:15","slug":"handball-2","status":"publish","type":"page","link":"https:\/\/www.michael-lorio.de\/?page_id=30","title":{"rendered":"Handball"},"content":{"rendered":"<p>Ich spielte rund 30 Jahre im <a title=\"Turnverein Nierstein\" href=\"http:\/\/www.tvn-1901.de\/\" target=\"_blank\" rel=\"noopener\">Turnverein Nierstein<\/a> Handball. Dort habe ich in der C-Jugend angefangen und besetzte bald die Position des Torh\u00fcters. Sehr schnell wurde ich in die rheinhessische Jugendauswahl berufen, der ich bis zum Verlassen des Jugendalters angeh\u00f6rte.<\/p>\n<p>In dieser Zeit engagierte ich mich bereits als Co-Betreuer verschiedener Jugendmannschaften und erwarb im A-Jugendalter die C-Trainerlizenz.<\/p>\n<p>Nach dem Abitur fehlte mir schlicht und ergreifend aus beruflichen Gr\u00fcnden die Zeit, mich weiter intensiv dem Handballsport zu widmen. So trat ich etwas k\u00fcrzer und legte mein Traineramt nieder. Den aktiven Spielbetrieb wollte ich jedoch nicht g\u00e4nzlich verlassen, zog mich aber in unsere 2. Mannschaft zur\u00fcck. Mit dieser Mannschaft erspielten wir uns 2 Meisterschaften in unteren Klassen.<\/p>\n<p>Nach Beendigung meines Studiums hat mich dann erneut der Ehrgeiz gepackt und ich schaffte auf Anhieb den Sprung in unsere erste Herrenmannschaft. In der Saison 2006\/2007 schafften wir dann direkt in meinem ersten Jahr als Mitglied dieses tollen Teams die Meisterschaft in der Kreisklasse und stiegen somit in die Verbandsliga auf. Nicht nur f\u00fcr mich pers\u00f6nlich war das wie ein gelebter Traum. Jeder Sportskamerad dieser Mannschaft, der sich an diese Aufstiegssaison zur\u00fcckerinnert, tut dies gerne.<\/p>\n<p>In der Saison 2013\/2014 mussten wir leider sehr ungl\u00fccklich den Abstieg aus der Verbandsliga hinnehmen. In der darauf folgenden Saison konnten wir die Konkurrenz hinter uns lassen und schafften den direkten Wiederaufstieg.<\/p>\n<p style=\"text-align: right;\"><a href=\"http:\/\/www.michael-lorio.de\/wp-content\/uploads\/2015\/04\/Handball.jpg\"><img loading=\"lazy\" decoding=\"async\" class=\" size-large wp-image-24 aligncenter\" src=\"http:\/\/www.michael-lorio.de\/wp-content\/uploads\/2015\/04\/Handball-1024x725.jpg\" alt=\"1. Herren Saison 2014\/2015\" width=\"620\" height=\"439\" srcset=\"https:\/\/www.michael-lorio.de\/wp-content\/uploads\/2015\/04\/Handball-1024x725.jpg 1024w, https:\/\/www.michael-lorio.de\/wp-content\/uploads\/2015\/04\/Handball-300x213.jpg 300w, https:\/\/www.michael-lorio.de\/wp-content\/uploads\/2015\/04\/Handball.jpg 1200w\" sizes=\"(max-width: 620px) 100vw, 620px\" \/><\/a>Bild: 1. Herren Saison 2014\/2015<\/p>\n<p>In de Saison 2016\/2017 konnten wir uns am vorletzten Spieltag sehr gl\u00fccklich gegen den zu diesem Zeitpunkt tabellenf\u00fchrenden TV Alzey in einem fast schon legend\u00e4ren Heimspiel deutlich durchsetzen und somit den Klassenerhalt vorzeitig sichern.<\/p>\n<p><img loading=\"lazy\" decoding=\"async\" class=\"ui fluid rounded image aligncenter\" src=\"http:\/\/www.tvn-1901.de\/attachments\/59518de4c8f08_1. Herren.jpg\" alt=\"1. Herren Saison 2016\/2017\" width=\"620\" height=\"439\" \/><\/p>\n<p style=\"text-align: right;\">Bild: 1. Herren Saison 2016\/2017<\/p>\n","protected":false},"excerpt":{"rendered":"<p>Ich spielte rund 30 Jahre im Turnverein Nierstein Handball. Dort habe ich in der C-Jugend angefangen und besetzte bald die Position des Torh\u00fcters. Sehr schnell wurde ich in die rheinhessische Jugendauswahl berufen, der ich bis zum Verlassen des Jugendalters angeh\u00f6rte. In dieser Zeit engagierte ich mich bereits als Co-Betreuer verschiedener Jugendmannschaften und erwarb im A-Jugendalter [&hellip;]<\/p>\n","protected":false},"author":1,"featured_media":0,"parent":0,"menu_order":0,"comment_status":"closed","ping_status":"closed","template":"","meta":{"footnotes":""},"_links":{"self":[{"href":"https:\/\/www.michael-lorio.de\/index.php?rest_route=\/wp\/v2\/pages\/30"}],"collection":[{"href":"https:\/\/www.michael-lorio.de\/index.php?rest_route=\/wp\/v2\/pages"}],"about":[{"href":"https:\/\/www.michael-lorio.de\/index.php?rest_route=\/wp\/v2\/types\/page"}],"author":[{"embeddable":true,"href":"https:\/\/www.michael-lorio.de\/index.php?rest_route=\/wp\/v2\/users\/1"}],"replies":[{"embeddable":true,"href":"https:\/\/www.michael-lorio.de\/index.php?rest_route=%2Fwp%2Fv2%2Fcomments&post=30"}],"version-history":[{"count":9,"href":"https:\/\/www.michael-lorio.de\/index.php?rest_route=\/wp\/v2\/pages\/30\/revisions"}],"predecessor-version":[{"id":77,"href":"https:\/\/www.michael-lorio.de\/index.php?rest_route=\/wp\/v2\/pages\/30\/revisions\/77"}],"wp:attachment":[{"href":"https:\/\/www.michael-lorio.de\/index.php?rest_route=%2Fwp%2Fv2%2Fmedia&parent=30"}],"curies":[{"name":"wp","href":"https:\/\/api.w.org\/{rel}","templated":true}]}}